{"id":833,"date":"2023-12-14T18:39:31","date_gmt":"2023-12-14T18:39:31","guid":{"rendered":"https:\/\/darkseagreen-ostrich-404604.hostingersite.com\/?page_id=833"},"modified":"2025-12-31T15:46:08","modified_gmt":"2025-12-31T15:46:08","slug":"entretien-des-espaces-verts","status":"publish","type":"page","link":"https:\/\/aedcleaning.com\/?page_id=833&lang=fr-fr","title":{"rendered":"Jardinage"},"content":{"rendered":"<p>[et_pb_section fb_built=&#8221;1&#8243; admin_label=&#8221;Header&#8221; _builder_version=&#8221;4.23.1&#8243; use_background_color_gradient=&#8221;on&#8221; background_color_gradient_type=&#8221;circular&#8221; background_color_gradient_stops=&#8221;gcid-ae932d9e-c1ed-4a70-8214-cf97c86b9b32 0%|gcid-c6eb502b-ee23-4137-9f15-f9ba1ffd8cd1 100%&#8221; background_color_gradient_start=&#8221;#004183&#8243; background_color_gradient_end=&#8221;#001f4c&#8221; background_enable_image=&#8221;off&#8221; parallax=&#8221;on&#8221; z_index=&#8221;3&#8243; overflow-x=&#8221;hidden&#8221; overflow-y=&#8221;hidden&#8221; custom_padding=&#8221;6vw|||||&#8221; locked=&#8221;off&#8221; global_colors_info=&#8221;{%22gcid-ae932d9e-c1ed-4a70-8214-cf97c86b9b32%22:%91%22background_color_gradient_stops%22%93,%22gcid-c6eb502b-ee23-4137-9f15-f9ba1ffd8cd1%22:%91%22background_color_gradient_stops%22%93}&#8221;][et_pb_row column_structure=&#8221;1_2,1_2&#8243; _builder_version=&#8221;4.16&#8243; z_index=&#8221;1&#8243; global_colors_info=&#8221;{}&#8221;][et_pb_column type=&#8221;1_2&#8243; _builder_version=&#8221;4.16&#8243; global_colors_info=&#8221;{}&#8221;][et_pb_text _builder_version=&#8221;4.23.1&#8243; text_font=&#8221;||||||||&#8221; header_font=&#8221;|700|||||||&#8221; header_font_size=&#8221;42px&#8221; header_2_font=&#8221;|700|||||||&#8221; header_2_font_size=&#8221;42px&#8221; header_2_line_height=&#8221;1.2em&#8221; background_layout=&#8221;dark&#8221; header_font_size_tablet=&#8221;54px&#8221; header_font_size_phone=&#8221;32px&#8221; header_font_size_last_edited=&#8221;on|desktop&#8221; locked=&#8221;off&#8221; global_colors_info=&#8221;{}&#8221;]<\/p>\n<h1>Entretien des espaces verts<\/h1>\n<p>[\/et_pb_text][et_pb_text _builder_version=&#8221;4.23.1&#8243; text_font=&#8221;||||||||&#8221; text_font_size=&#8221;17px&#8221; text_line_height=&#8221;1.8em&#8221; background_layout=&#8221;dark&#8221; text_font_size_tablet=&#8221;&#8221; text_font_size_phone=&#8221;14px&#8221; text_font_size_last_edited=&#8221;on|desktop&#8221; locked=&#8221;off&#8221; global_colors_info=&#8221;{}&#8221;]<\/p>\n<p>Notre service d&#8217;<strong>entretien des espaces verts<\/strong> garantit un jardin impeccablement entretenu qui rehausse l&#8217;image de votre entreprise ou de votre domicile. Vous manquez de temps pour entretenir r\u00e9guli\u00e8rement votre jardin ou votre pelouse ? Les experts passionn\u00e9s d&#8217;AED Cleaning prennent en charge la tonte de votre gazon, l&#8217;entretien de vos plantes, la taille de vos haies et l&#8217;\u00e9limination des mauvaises herbes.<\/p>\n<p>Gr\u00e2ce \u00e0 notre passion pour l&#8217;apprentissage continu et l&#8217;innovation, nous vous assurons une expertise professionnelle in\u00e9gal\u00e9e. Lors d&#8217;un entretien approfondi, nous \u00e9coutons attentivement vos besoins pour ensuite \u00e9laborer une proposition personnalis\u00e9e r\u00e9pondant pr\u00e9cis\u00e9ment \u00e0 vos attentes.<\/p>\n<p>[\/et_pb_text][\/et_pb_column][et_pb_column type=&#8221;1_2&#8243; _builder_version=&#8221;4.16&#8243; global_colors_info=&#8221;{}&#8221;][et_pb_button button_text=&#8221;OFFRE INSTANTAN\u00c9E&#8221; _builder_version=&#8221;4.27.4&#8243; custom_button=&#8221;on&#8221; button_text_size=&#8221;18px&#8221; button_text_color=&#8221;#ffffff&#8221; button_bg_use_color_gradient=&#8221;on&#8221; button_bg_color_gradient_stops=&#8221;#1c263f 0%|#1784ce 100%&#8221; button_border_width=&#8221;0px&#8221; button_border_radius=&#8221;30px&#8221; button_font=&#8221;|900||on|||||&#8221; button_use_icon=&#8221;off&#8221; custom_margin=&#8221;||-3vw||false|false&#8221; custom_padding=&#8221;20px|30px|20px|30px|true|true&#8221; hover_enabled=&#8221;0&#8243; box_shadow_style=&#8221;preset3&#8243; box_shadow_vertical=&#8221;20px&#8221; box_shadow_blur=&#8221;40px&#8221; box_shadow_spread=&#8221;-10px&#8221; box_shadow_color=&#8221;#1c263f&#8221; locked=&#8221;off&#8221; global_colors_info=&#8221;{}&#8221; box_shadow_color__hover=&#8221;#2585b2&#8243; box_shadow_blur__hover_enabled=&#8221;on&#8221; box_shadow_blur__hover=&#8221;20px&#8221; box_shadow_vertical__hover_enabled=&#8221;on&#8221; box_shadow_vertical__hover=&#8221;10px&#8221; button_alignment=&#8221;right&#8221; button_url=&#8221;@ET-DC@eyJkeW5hbWljIjp0cnVlLCJjb250ZW50IjoicG9zdF9saW5rX3VybF9wYWdlIiwic2V0dGluZ3MiOnsicG9zdF9pZCI6IjczOCJ9fQ==@&#8221; _dynamic_attributes=&#8221;button_url&#8221; sticky_enabled=&#8221;0&#8243;][\/et_pb_button][\/et_pb_column][\/et_pb_row][et_pb_row _builder_version=&#8221;4.23.1&#8243; z_index=&#8221;0&#8243; width=&#8221;100%&#8221; max_width=&#8221;none&#8221; custom_margin=&#8221;-2vw||||false|false&#8221; global_colors_info=&#8221;{}&#8221;][et_pb_column type=&#8221;4_4&#8243; _builder_version=&#8221;4.16&#8243; global_colors_info=&#8221;{}&#8221;][et_pb_image src=&#8221;https:\/\/darkseagreen-ostrich-404604.hostingersite.com\/wp-content\/uploads\/2023\/11\/cyber-security-05.png&#8221; show_bottom_space=&#8221;off&#8221; force_fullwidth=&#8221;on&#8221; _builder_version=&#8221;4.16&#8243; custom_margin=&#8221;-30vw||-3px&#8221; global_colors_info=&#8221;{}&#8221;][\/et_pb_image][\/et_pb_column][\/et_pb_row][\/et_pb_section][et_pb_section fb_built=&#8221;1&#8243; custom_padding_last_edited=&#8221;on|phone&#8221; prev_background_color=&#8221;#ffffff&#8221; admin_label=&#8221;Feature&#8221; _builder_version=&#8221;4.23.1&#8243; use_background_color_gradient=&#8221;on&#8221; background_color_gradient_type=&#8221;circular&#8221; background_color_gradient_direction_radial=&#8221;top right&#8221; background_color_gradient_stops=&#8221;gcid-ae932d9e-c1ed-4a70-8214-cf97c86b9b32 0%|gcid-c6eb502b-ee23-4137-9f15-f9ba1ffd8cd1 100%&#8221; background_color_gradient_start=&#8221;#00ffd8&#8243; background_color_gradient_end=&#8221;#0029e2&#8243; background_enable_image=&#8221;off&#8221; background_size=&#8221;contain&#8221; background_position=&#8221;bottom_center&#8221; custom_margin=&#8221;-10vw||||false|false&#8221; custom_padding=&#8221;||0px|||&#8221; custom_padding_tablet=&#8221;||24vw&#8221; custom_padding_phone=&#8221;&#8221; top_divider_style=&#8221;slant&#8221; top_divider_height=&#8221;26vw&#8221; top_divider_flip=&#8221;horizontal&#8221; background_last_edited=&#8221;on|desktop&#8221; background_image_tablet=&#8221;http:\/\/zaib.sandbox.etdevs.com\/divi\/wp-content\/uploads\/sites\/2\/2019\/06\/cyber-security-09.png&#8221; background_enable_image_tablet=&#8221;on&#8221; locked=&#8221;off&#8221; global_colors_info=&#8221;{%22gcid-ae932d9e-c1ed-4a70-8214-cf97c86b9b32%22:%91%22background_color_gradient_stops%22%93,%22gcid-c6eb502b-ee23-4137-9f15-f9ba1ffd8cd1%22:%91%22background_color_gradient_stops%22%93}&#8221;][et_pb_row column_structure=&#8221;1_2,1_2&#8243; _builder_version=&#8221;4.23.1&#8243; global_colors_info=&#8221;{}&#8221;][et_pb_column type=&#8221;1_2&#8243; _builder_version=&#8221;4.23.1&#8243; custom_padding=&#8221;32vw||||false|false&#8221; custom_padding_tablet=&#8221;0vw||&#8221; custom_padding_phone=&#8221;&#8221; custom_padding_last_edited=&#8221;on|desktop&#8221; global_colors_info=&#8221;{}&#8221;][et_pb_video src=&#8221;https:\/\/youtu.be\/Ia9VMifqQaE&#8221; _builder_version=&#8221;4.23.1&#8243; _module_preset=&#8221;default&#8221; border_radii=&#8221;on|100px|100px|100px|100px&#8221; global_colors_info=&#8221;{}&#8221;][\/et_pb_video][\/et_pb_column][et_pb_column type=&#8221;1_2&#8243; _builder_version=&#8221;4.16&#8243; custom_padding=&#8221;18vw||&#8221; custom_padding_tablet=&#8221;0vw||&#8221; custom_padding_phone=&#8221;&#8221; custom_padding_last_edited=&#8221;on|desktop&#8221; global_colors_info=&#8221;{}&#8221;][et_pb_text _builder_version=&#8221;4.23.1&#8243; text_font=&#8221;||||||||&#8221; header_2_font=&#8221;|700|||||||&#8221; header_2_font_size=&#8221;40px&#8221; header_2_line_height=&#8221;1.1em&#8221; header_3_font=&#8221;Overpass|600|||||||&#8221; header_3_font_size=&#8221;30px&#8221; header_3_line_height=&#8221;1.2em&#8221; background_layout=&#8221;dark&#8221; header_2_font_size_tablet=&#8221;38px&#8221; header_2_font_size_phone=&#8221;26px&#8221; header_2_font_size_last_edited=&#8221;on|desktop&#8221; header_3_font_tablet=&#8221;&#8221; header_3_font_phone=&#8221;Overpass|700|||||||&#8221; header_3_font_last_edited=&#8221;on|phone&#8221; header_3_font_size_tablet=&#8221;24px&#8221; header_3_font_size_phone=&#8221;18px&#8221; header_3_font_size_last_edited=&#8221;on|desktop&#8221; locked=&#8221;off&#8221; global_colors_info=&#8221;{}&#8221;]<\/p>\n<h2>Aper\u00e7u de nos services d&#8217;entretien des espaces verts<\/h2>\n<p>[\/et_pb_text][et_pb_text _builder_version=&#8221;4.23.1&#8243; text_font=&#8221;||||||||&#8221; text_font_size=&#8221;17px&#8221; text_line_height=&#8221;1.4em&#8221; background_layout=&#8221;dark&#8221; text_font_size_tablet=&#8221;&#8221; text_font_size_phone=&#8221;14px&#8221; text_font_size_last_edited=&#8221;on|desktop&#8221; locked=&#8221;off&#8221; global_colors_info=&#8221;{}&#8221;]<\/p>\n<ul>\n<li>Tonte de l&#8217;herbe<\/li>\n<li>D\u00e9sherbage<\/li>\n<li>Soufflage des feuilles<\/li>\n<li>Taille des haies<\/li>\n<li>Entretien des arbres<\/li>\n<li>Entretien des terrasses et des chemins<\/li>\n<li>Entretien des \u00e9tangs<\/li>\n<li>Lutte contre les nuisibles<\/li>\n<li>&#8230;<\/li>\n<\/ul>\n<p><span>Notre approche de l&#8217;entretien des espaces verts repr\u00e9sente une solution globale pour sublimer votre environnement ext\u00e9rieur. Nous veillons \u00e0 ce que chaque aspect de vos espaces verts soit g\u00e9r\u00e9 avec soin et expertise, garantissant ainsi un cadre ext\u00e9rieur harmonieux et esth\u00e9tiquement agr\u00e9able pour votre d\u00e9tente et bien-\u00eatre.<\/span><\/p>\n<p>[\/et_pb_text][\/et_pb_column][\/et_pb_row][\/et_pb_section][et_pb_section fb_built=&#8221;1&#8243; _builder_version=&#8221;4.23.1&#8243; _module_preset=&#8221;default&#8221; custom_margin=&#8221;2vw||||false|false&#8221; custom_padding=&#8221;||6px|||&#8221; global_colors_info=&#8221;{}&#8221;][et_pb_row _builder_version=&#8221;4.23.1&#8243; _module_preset=&#8221;default&#8221; global_colors_info=&#8221;{}&#8221;][et_pb_column type=&#8221;4_4&#8243; _builder_version=&#8221;4.23.1&#8243; _module_preset=&#8221;default&#8221; global_colors_info=&#8221;{}&#8221;][et_pb_text _builder_version=&#8221;4.23.1&#8243; _module_preset=&#8221;default&#8221; text_font=&#8221;||||||||&#8221; text_line_height=&#8221;1.8em&#8221; text_orientation=&#8221;center&#8221; global_colors_info=&#8221;{}&#8221;]<\/p>\n<p>Avec notre large \u00e9ventail de services, nous garantissons que votre jardin reste impeccable tout au long de l&#8217;ann\u00e9e, quelle que soit la saison. Nos sp\u00e9cialistes en entretien des espaces verts prennent en compte les variations saisonni\u00e8res pour adapter leurs m\u00e9thodes de soin, assurant ainsi que votre espace ext\u00e9rieur re\u00e7oit toujours l&#8217;attention ad\u00e9quate.<\/p>\n<p>Faites confiance \u00e0 AED Cleaning pour une gestion compl\u00e8te, professionnelle et respectueuse de l&#8217;environnement de vos espaces verts.<\/p>\n<p>[\/et_pb_text][\/et_pb_column][\/et_pb_row][\/et_pb_section][et_pb_section fb_built=&#8221;1&#8243; admin_label=&#8221;Feature&#8221; _builder_version=&#8221;4.23.1&#8243; use_background_color_gradient=&#8221;on&#8221; background_color_gradient_type=&#8221;circular&#8221; background_color_gradient_direction_radial=&#8221;top right&#8221; background_color_gradient_stops=&#8221;gcid-ae932d9e-c1ed-4a70-8214-cf97c86b9b32 0%|gcid-c6eb502b-ee23-4137-9f15-f9ba1ffd8cd1 98%&#8221; background_color_gradient_start=&#8221;#00ffd8&#8243; background_color_gradient_end=&#8221;#0029e2&#8243; background_image=&#8221;https:\/\/darkseagreen-ostrich-404604.hostingersite.com\/wp-content\/uploads\/2023\/11\/cyber-security-03-1.png&#8221; background_position=&#8221;bottom_center&#8221; custom_margin=&#8221;100px||||false|false&#8221; custom_padding=&#8221;5vw||||false|false&#8221; locked=&#8221;off&#8221; global_colors_info=&#8221;{%22gcid-ae932d9e-c1ed-4a70-8214-cf97c86b9b32%22:%91%22background_color_gradient_stops%22%93,%22gcid-c6eb502b-ee23-4137-9f15-f9ba1ffd8cd1%22:%91%22background_color_gradient_stops%22%93}&#8221;][et_pb_row column_structure=&#8221;1_2,1_2&#8243; _builder_version=&#8221;4.16&#8243; z_index=&#8221;1&#8243; global_colors_info=&#8221;{}&#8221;][et_pb_column type=&#8221;1_2&#8243; _builder_version=&#8221;4.16&#8243; global_colors_info=&#8221;{}&#8221;][et_pb_text _builder_version=&#8221;4.23.1&#8243; text_font=&#8221;||||||||&#8221; header_2_font=&#8221;|700|||||||&#8221; header_2_font_size=&#8221;40px&#8221; header_2_line_height=&#8221;1.1em&#8221; header_3_font=&#8221;Overpass|600|||||||&#8221; header_3_text_color=&#8221;#00b4ff&#8221; header_3_font_size=&#8221;30px&#8221; header_3_line_height=&#8221;1.2em&#8221; background_layout=&#8221;dark&#8221; custom_padding=&#8221;|||||&#8221; header_2_font_size_tablet=&#8221;38px&#8221; header_2_font_size_phone=&#8221;26px&#8221; header_2_font_size_last_edited=&#8221;on|desktop&#8221; header_3_font_tablet=&#8221;&#8221; header_3_font_phone=&#8221;Overpass|700|||||||&#8221; header_3_font_last_edited=&#8221;on|phone&#8221; header_3_font_size_tablet=&#8221;24px&#8221; header_3_font_size_phone=&#8221;18px&#8221; header_3_font_size_last_edited=&#8221;on|desktop&#8221; locked=&#8221;off&#8221; global_colors_info=&#8221;{}&#8221;]<\/p>\n<h2><span>Investir dans un espace ext\u00e9rieur impeccable ?<\/span><\/h2>\n<p>[\/et_pb_text][et_pb_button button_text=&#8221;Bien-s\u00fbr&#8221; button_alignment=&#8221;left&#8221; _builder_version=&#8221;4.27.4&#8243; custom_button=&#8221;on&#8221; button_text_size=&#8221;20px&#8221; button_text_color=&#8221;#ffffff&#8221; button_bg_color=&#8221;gcid-a24a3649-85ea-4cba-8542-89b6b369b574&#8243; button_border_width=&#8221;0px&#8221; button_border_radius=&#8221;30px&#8221; button_font=&#8221;|700|||||||&#8221; button_use_icon=&#8221;off&#8221; custom_margin=&#8221;|||0px|false|false&#8221; custom_padding=&#8221;10px|20px|10px|20px|true|true&#8221; hover_enabled=&#8221;0&#8243; box_shadow_style=&#8221;preset3&#8243; box_shadow_vertical=&#8221;20px&#8221; box_shadow_blur=&#8221;40px&#8221; box_shadow_spread=&#8221;-10px&#8221; box_shadow_color=&#8221;#1c263f&#8221; locked=&#8221;off&#8221; global_colors_info=&#8221;{%22gcid-a24a3649-85ea-4cba-8542-89b6b369b574%22:%91%22button_bg_color_gradient_stops%22,%22button_bg_color%22%93}&#8221; box_shadow_color__hover=&#8221;#2585b2&#8243; box_shadow_blur__hover_enabled=&#8221;on&#8221; box_shadow_blur__hover=&#8221;20px&#8221; box_shadow_vertical__hover_enabled=&#8221;on&#8221; box_shadow_vertical__hover=&#8221;10px&#8221; button_url=&#8221;@ET-DC@eyJkeW5hbWljIjp0cnVlLCJjb250ZW50IjoicG9zdF9saW5rX3VybF9wYWdlIiwic2V0dGluZ3MiOnsicG9zdF9pZCI6IjczOCJ9fQ==@&#8221; _dynamic_attributes=&#8221;button_url&#8221; sticky_enabled=&#8221;0&#8243;][\/et_pb_button][\/et_pb_column][et_pb_column type=&#8221;1_2&#8243; _builder_version=&#8221;4.16&#8243; global_colors_info=&#8221;{}&#8221;][et_pb_image src=&#8221;https:\/\/darkseagreen-ostrich-404604.hostingersite.com\/wp-content\/uploads\/2023\/12\/AED-Cleaning-groenonderhoud-1.png&#8221; alt=&#8221;AED Cleaning &#8211; groenonderhoud&#8221; title_text=&#8221;AED Cleaning &#8211; groenonderhoud (1)&#8221; align=&#8221;right&#8221; _builder_version=&#8221;4.23.1&#8243; max_width_tablet=&#8221;400px&#8221; max_width_phone=&#8221;&#8221; max_width_last_edited=&#8221;on|desktop&#8221; custom_margin=&#8221;-5vw|-10vw||||&#8221; custom_margin_tablet=&#8221;-2vw|0vw|-24vw|&#8221; custom_margin_phone=&#8221;&#8221; custom_margin_last_edited=&#8221;on|tablet&#8221; animation_style=&#8221;zoom&#8221; animation_intensity_zoom=&#8221;5%&#8221; locked=&#8221;off&#8221; global_colors_info=&#8221;{}&#8221;][\/et_pb_image][\/et_pb_column][\/et_pb_row][\/et_pb_section][et_pb_section fb_built=&#8221;1&#8243; admin_label=&#8221;Features&#8221; _builder_version=&#8221;4.23.1&#8243; use_background_color_gradient=&#8221;on&#8221; background_color_gradient_type=&#8221;circular&#8221; background_color_gradient_stops=&#8221;gcid-ae932d9e-c1ed-4a70-8214-cf97c86b9b32 0%|gcid-c6eb502b-ee23-4137-9f15-f9ba1ffd8cd1 100%&#8221; background_color_gradient_start=&#8221;#004183&#8243; background_color_gradient_end=&#8221;#001f4c&#8221; background_size=&#8221;contain&#8221; background_position=&#8221;bottom_center&#8221; custom_margin=&#8221;2vw||1vw||false|false&#8221; custom_padding=&#8221;||0px|||&#8221; top_divider_height=&#8221;26vw&#8221; top_divider_flip=&#8221;horizontal&#8221; bottom_divider_color=&#8221;#dcecff&#8221; bottom_divider_height=&#8221;30vw&#8221; bottom_divider_arrangement=&#8221;above_content&#8221; border_radii=&#8221;off||||&#8221; locked=&#8221;off&#8221; global_colors_info=&#8221;{%22gcid-c6eb502b-ee23-4137-9f15-f9ba1ffd8cd1%22:%91%22background_color_gradient_stops%22%93,%22gcid-ae932d9e-c1ed-4a70-8214-cf97c86b9b32%22:%91%22background_color_gradient_stops%22%93}&#8221;][et_pb_row column_structure=&#8221;1_2,1_2&#8243; _builder_version=&#8221;4.16&#8243; z_index=&#8221;1&#8243; global_colors_info=&#8221;{}&#8221;][et_pb_column type=&#8221;1_2&#8243; _builder_version=&#8221;4.16&#8243; global_colors_info=&#8221;{}&#8221;][et_pb_text _builder_version=&#8221;4.23.1&#8243; text_font=&#8221;||||||||&#8221; text_line_height=&#8221;1.8em&#8221; header_3_font=&#8221;|700|||||||&#8221; header_3_font_size=&#8221;30px&#8221; header_3_line_height=&#8221;1.2em&#8221; header_4_font=&#8221;Overpass|900|||||||&#8221; header_4_line_height=&#8221;1.4em&#8221; background_layout=&#8221;dark&#8221; max_width=&#8221;400px&#8221; locked=&#8221;off&#8221; global_colors_info=&#8221;{}&#8221;]<\/p>\n<h3><span>Cadre professionnel verdoyant : impact b\u00e9n\u00e9fique sur l&#8217;environnement de travail<\/span><\/h3>\n<p><span>Vivre et travailler au c\u0153ur d&#8217;un cadre verdoyant favorise une meilleure sant\u00e9 et r\u00e9duit les risques de maladies. Offrir \u00e0 vos collaborateurs un espace ext\u00e9rieur luxuriant et verdoyant au sein de votre entreprise contribue positivement \u00e0 l&#8217;ambiance de l&#8217;\u00e9quipe. La pr\u00e9sence de plantes ne se limite pas \u00e0 am\u00e9liorer le bien-\u00eatre des individus, elle rehausse \u00e9galement le charme et le prestige de votre entreprise.<\/span><\/p>\n<p>[\/et_pb_text][\/et_pb_column][et_pb_column type=&#8221;1_2&#8243; _builder_version=&#8221;4.16&#8243; global_colors_info=&#8221;{}&#8221;][et_pb_image src=&#8221;https:\/\/darkseagreen-ostrich-404604.hostingersite.com\/wp-content\/uploads\/2023\/12\/AED-Cleaning-groenonderhoud-2.png&#8221; alt=&#8221;AED Cleaning &#8211; groenonderhoud&#8221; title_text=&#8221;AED Cleaning &#8211; groenonderhoud (2)&#8221; _builder_version=&#8221;4.23.1&#8243; _module_preset=&#8221;default&#8221; border_radii=&#8221;on|30px|30px|30px|30px&#8221; global_colors_info=&#8221;{}&#8221;][\/et_pb_image][\/et_pb_column][\/et_pb_row][\/et_pb_section]<\/p>\n","protected":false},"excerpt":{"rendered":"<p>Entretien des espaces vertsNotre service d&#8217;entretien des espaces verts garantit un jardin impeccablement entretenu qui rehausse l&#8217;image de votre entreprise ou de votre domicile. Vous manquez de temps pour entretenir r\u00e9guli\u00e8rement votre jardin ou votre pelouse ? Les experts passionn\u00e9s d&#8217;AED Cleaning prennent en charge la tonte de votre gazon, l&#8217;entretien de vos plantes, la [&hellip;]<\/p>\n","protected":false},"author":1,"featured_media":0,"parent":0,"menu_order":0,"comment_status":"closed","ping_status":"closed","template":"","meta":{"_acf_changed":false,"_et_pb_use_builder":"on","_et_pb_old_content":"","_et_gb_content_width":"","footnotes":""},"class_list":["post-833","page","type-page","status-publish","hentry"],"acf":[],"yoast_head":"<!-- This site is optimized with the Yoast SEO plugin v25.7 - https:\/\/yoast.com\/wordpress\/plugins\/seo\/ -->\n<title>Entretien des espaces verts - AED Cleaning<\/title>\n<meta name=\"description\" content=\"Notre service d&#039;entretien des espaces verts garantit un jardin impeccablement entretenu qui rehausse l&#039;image de votre soci\u00e9t\u00e9.\" \/>\n<meta name=\"robots\" content=\"index, follow, max-snippet:-1, max-image-preview:large, max-video-preview:-1\" \/>\n<link rel=\"canonical\" href=\"https:\/\/aedcleaning.com\/?page_id=833&lang=fr-fr\" \/>\n<meta property=\"og:locale\" content=\"nl_NL\" \/>\n<meta property=\"og:type\" content=\"article\" \/>\n<meta property=\"og:title\" content=\"Entretien des espaces verts - AED Cleaning\" \/>\n<meta property=\"og:description\" content=\"Notre service d&#039;entretien des espaces verts garantit un jardin impeccablement entretenu qui rehausse l&#039;image de votre soci\u00e9t\u00e9.\" \/>\n<meta property=\"og:url\" content=\"https:\/\/aedcleaning.com\/?page_id=833&amp;lang=fr-fr\" \/>\n<meta property=\"og:site_name\" content=\"AED Cleaning | Schoonmaakbedrijf\" \/>\n<meta property=\"article:modified_time\" content=\"2025-12-31T15:46:08+00:00\" \/>\n<meta name=\"twitter:card\" content=\"summary_large_image\" \/>\n<meta name=\"twitter:label1\" content=\"Verwachte leestijd\" \/>\n\t<meta name=\"twitter:data1\" content=\"4 minuten\" \/>\n<script type=\"application\/ld+json\" class=\"yoast-schema-graph\">{\"@context\":\"https:\/\/schema.org\",\"@graph\":[{\"@type\":\"WebPage\",\"@id\":\"https:\/\/aedcleaning.com\/?page_id=833&lang=fr-fr\",\"url\":\"https:\/\/aedcleaning.com\/?page_id=833&lang=fr-fr\",\"name\":\"Entretien des espaces verts - AED Cleaning\",\"isPartOf\":{\"@id\":\"https:\/\/aedcleaning.com\/#website\"},\"datePublished\":\"2023-12-14T18:39:31+00:00\",\"dateModified\":\"2025-12-31T15:46:08+00:00\",\"description\":\"Notre service d'entretien des espaces verts garantit un jardin impeccablement entretenu qui rehausse l'image de votre soci\u00e9t\u00e9.\",\"breadcrumb\":{\"@id\":\"https:\/\/aedcleaning.com\/?page_id=833&lang=fr-fr#breadcrumb\"},\"inLanguage\":\"nl-NL\",\"potentialAction\":[{\"@type\":\"ReadAction\",\"target\":[\"https:\/\/aedcleaning.com\/?page_id=833&lang=fr-fr\"]}]},{\"@type\":\"BreadcrumbList\",\"@id\":\"https:\/\/aedcleaning.com\/?page_id=833&lang=fr-fr#breadcrumb\",\"itemListElement\":[{\"@type\":\"ListItem\",\"position\":1,\"name\":\"Home\",\"item\":\"https:\/\/aedcleaning.com\/\"},{\"@type\":\"ListItem\",\"position\":2,\"name\":\"Jardinage\"}]},{\"@type\":\"WebSite\",\"@id\":\"https:\/\/aedcleaning.com\/#website\",\"url\":\"https:\/\/aedcleaning.com\/\",\"name\":\"AED Cleaning | Schoonmaakbedrijf\",\"description\":\"You Name It, We Clean It\",\"potentialAction\":[{\"@type\":\"SearchAction\",\"target\":{\"@type\":\"EntryPoint\",\"urlTemplate\":\"https:\/\/aedcleaning.com\/?s={search_term_string}\"},\"query-input\":{\"@type\":\"PropertyValueSpecification\",\"valueRequired\":true,\"valueName\":\"search_term_string\"}}],\"inLanguage\":\"nl-NL\"}]}<\/script>\n<!-- \/ Yoast SEO plugin. -->","yoast_head_json":{"title":"Entretien des espaces verts - AED Cleaning","description":"Notre service d'entretien des espaces verts garantit un jardin impeccablement entretenu qui rehausse l'image de votre soci\u00e9t\u00e9.","robots":{"index":"index","follow":"follow","max-snippet":"max-snippet:-1","max-image-preview":"max-image-preview:large","max-video-preview":"max-video-preview:-1"},"canonical":"https:\/\/aedcleaning.com\/?page_id=833&lang=fr-fr","og_locale":"nl_NL","og_type":"article","og_title":"Entretien des espaces verts - AED Cleaning","og_description":"Notre service d'entretien des espaces verts garantit un jardin impeccablement entretenu qui rehausse l'image de votre soci\u00e9t\u00e9.","og_url":"https:\/\/aedcleaning.com\/?page_id=833&lang=fr-fr","og_site_name":"AED Cleaning | Schoonmaakbedrijf","article_modified_time":"2025-12-31T15:46:08+00:00","twitter_card":"summary_large_image","twitter_misc":{"Verwachte leestijd":"4 minuten"},"schema":{"@context":"https:\/\/schema.org","@graph":[{"@type":"WebPage","@id":"https:\/\/aedcleaning.com\/?page_id=833&lang=fr-fr","url":"https:\/\/aedcleaning.com\/?page_id=833&lang=fr-fr","name":"Entretien des espaces verts - AED Cleaning","isPartOf":{"@id":"https:\/\/aedcleaning.com\/#website"},"datePublished":"2023-12-14T18:39:31+00:00","dateModified":"2025-12-31T15:46:08+00:00","description":"Notre service d'entretien des espaces verts garantit un jardin impeccablement entretenu qui rehausse l'image de votre soci\u00e9t\u00e9.","breadcrumb":{"@id":"https:\/\/aedcleaning.com\/?page_id=833&lang=fr-fr#breadcrumb"},"inLanguage":"nl-NL","potentialAction":[{"@type":"ReadAction","target":["https:\/\/aedcleaning.com\/?page_id=833&lang=fr-fr"]}]},{"@type":"BreadcrumbList","@id":"https:\/\/aedcleaning.com\/?page_id=833&lang=fr-fr#breadcrumb","itemListElement":[{"@type":"ListItem","position":1,"name":"Home","item":"https:\/\/aedcleaning.com\/"},{"@type":"ListItem","position":2,"name":"Jardinage"}]},{"@type":"WebSite","@id":"https:\/\/aedcleaning.com\/#website","url":"https:\/\/aedcleaning.com\/","name":"AED Cleaning | Schoonmaakbedrijf","description":"You Name It, We Clean It","potentialAction":[{"@type":"SearchAction","target":{"@type":"EntryPoint","urlTemplate":"https:\/\/aedcleaning.com\/?s={search_term_string}"},"query-input":{"@type":"PropertyValueSpecification","valueRequired":true,"valueName":"search_term_string"}}],"inLanguage":"nl-NL"}]}},"_links":{"self":[{"href":"https:\/\/aedcleaning.com\/index.php?rest_route=\/wp\/v2\/pages\/833","targetHints":{"allow":["GET"]}}],"collection":[{"href":"https:\/\/aedcleaning.com\/index.php?rest_route=\/wp\/v2\/pages"}],"about":[{"href":"https:\/\/aedcleaning.com\/index.php?rest_route=\/wp\/v2\/types\/page"}],"author":[{"embeddable":true,"href":"https:\/\/aedcleaning.com\/index.php?rest_route=\/wp\/v2\/users\/1"}],"replies":[{"embeddable":true,"href":"https:\/\/aedcleaning.com\/index.php?rest_route=%2Fwp%2Fv2%2Fcomments&post=833"}],"version-history":[{"count":4,"href":"https:\/\/aedcleaning.com\/index.php?rest_route=\/wp\/v2\/pages\/833\/revisions"}],"predecessor-version":[{"id":1182,"href":"https:\/\/aedcleaning.com\/index.php?rest_route=\/wp\/v2\/pages\/833\/revisions\/1182"}],"wp:attachment":[{"href":"https:\/\/aedcleaning.com\/index.php?rest_route=%2Fwp%2Fv2%2Fmedia&parent=833"}],"curies":[{"name":"wp","href":"https:\/\/api.w.org\/{rel}","templated":true}]}}