{"id":710,"date":"2023-12-13T09:56:19","date_gmt":"2023-12-13T09:56:19","guid":{"rendered":"https:\/\/darkseagreen-ostrich-404604.hostingersite.com\/?page_id=710"},"modified":"2024-02-09T10:57:31","modified_gmt":"2024-02-09T10:57:31","slug":"a-propos","status":"publish","type":"page","link":"https:\/\/aedcleaning.com\/?page_id=710&lang=fr-fr","title":{"rendered":"\u00c1 propos"},"content":{"rendered":"<p>[et_pb_section fb_built=&#8221;1&#8243; admin_label=&#8221;Header&#8221; _builder_version=&#8221;4.23.1&#8243; background_color=&#8221;gcid-f8456fc2-efb4-4f13-8f2a-4473819f6ec5&#8243; use_background_color_gradient=&#8221;on&#8221; background_color_gradient_type=&#8221;circular&#8221; background_color_gradient_direction_radial=&#8221;top&#8221; background_color_gradient_stops=&#8221;gcid-ae932d9e-c1ed-4a70-8214-cf97c86b9b32 0%|gcid-c6eb502b-ee23-4137-9f15-f9ba1ffd8cd1 100%&#8221; background_color_gradient_start=&#8221;#00ffd8&#8243; background_color_gradient_end=&#8221;#0029e2&#8243; background_image=&#8221;https:\/\/darkseagreen-ostrich-404604.hostingersite.com\/wp-content\/uploads\/2023\/11\/cyber-security-08.png&#8221; custom_padding=&#8221;||0px|||&#8221; background_last_edited=&#8221;on|phone&#8221; background_position_tablet=&#8221;center_right&#8221; locked=&#8221;off&#8221; global_colors_info=&#8221;{%22gcid-ae932d9e-c1ed-4a70-8214-cf97c86b9b32%22:%91%22background_color_gradient_stops%22%93,%22gcid-c6eb502b-ee23-4137-9f15-f9ba1ffd8cd1%22:%91%22background_color_gradient_stops%22%93,%22gcid-f8456fc2-efb4-4f13-8f2a-4473819f6ec5%22:%91%22background_color%22%93}&#8221;][et_pb_row column_structure=&#8221;3_5,2_5&#8243; _builder_version=&#8221;4.16&#8243; global_colors_info=&#8221;{}&#8221;][et_pb_column type=&#8221;3_5&#8243; _builder_version=&#8221;4.16&#8243; global_colors_info=&#8221;{}&#8221;][et_pb_image src=&#8221;https:\/\/darkseagreen-ostrich-404604.hostingersite.com\/wp-content\/uploads\/2023\/11\/AED-Cleaning-Meer-dan-enkel-schoonmaak-van-kantoren-scaled.jpg&#8221; alt=&#8221;AED-Cleaning-Meer dan enkel schoonmaak van kantoren&#8221; title_text=&#8221;AED-Cleaning-Meer dan enkel schoonmaak van kantoren&#8221; _builder_version=&#8221;4.23.1&#8243; max_width_tablet=&#8221;400px&#8221; max_width_phone=&#8221;200px&#8221; max_width_last_edited=&#8221;on|desktop&#8221; custom_margin=&#8221;|||-20vw&#8221; custom_margin_tablet=&#8221;|||0vw&#8221; custom_margin_phone=&#8221;&#8221; custom_margin_last_edited=&#8221;on|desktop&#8221; animation_style=&#8221;zoom&#8221; animation_intensity_zoom=&#8221;5%&#8221; border_radii=&#8221;on|1000px|1000px|1000px|1000px&#8221; locked=&#8221;off&#8221; global_colors_info=&#8221;{}&#8221;][\/et_pb_image][\/et_pb_column][et_pb_column type=&#8221;2_5&#8243; _builder_version=&#8221;4.16&#8243; global_colors_info=&#8221;{}&#8221;][et_pb_text _builder_version=&#8221;4.23.1&#8243; text_font=&#8221;||||||||&#8221; header_font=&#8221;|900||on|||||&#8221; header_text_color=&#8221;gcid-a24a3649-85ea-4cba-8542-89b6b369b574&#8243; header_font_size=&#8221;20px&#8221; header_2_font=&#8221;|700|||||||&#8221; header_2_text_color=&#8221;gcid-ae932d9e-c1ed-4a70-8214-cf97c86b9b32&#8243; header_2_font_size=&#8221;42px&#8221; header_font_size_tablet=&#8221;54px&#8221; header_font_size_phone=&#8221;32px&#8221; header_font_size_last_edited=&#8221;on|desktop&#8221; locked=&#8221;off&#8221; global_colors_info=&#8221;{%22gcid-ae932d9e-c1ed-4a70-8214-cf97c86b9b32%22:%91%22header_2_text_color%22%93,%22gcid-a24a3649-85ea-4cba-8542-89b6b369b574%22:%91%22header_text_color%22%93}&#8221;]<\/p>\n<h1>Bien plus qu&#8217;un simple nettoyage de bureau<\/h1>\n<h2>\u00c0 propos<\/h2>\n<p>[\/et_pb_text][et_pb_text _builder_version=&#8221;4.23.1&#8243; text_font=&#8221;||||||||&#8221; text_font_size=&#8221;17px&#8221; text_line_height=&#8221;1.8em&#8221; text_font_size_tablet=&#8221;&#8221; text_font_size_phone=&#8221;14px&#8221; text_font_size_last_edited=&#8221;on|desktop&#8221; locked=&#8221;off&#8221; global_colors_info=&#8221;{}&#8221;]<\/p>\n<p>Le nettoyage de bureau a \u00e9t\u00e9 le point de d\u00e9part de notre aventure. Aujourd&#8217;hui, cette activit\u00e9 constitue toujours une part significative de nos services, mais notre offre ne s&#8217;arr\u00eate pas l\u00e0 !<\/p>\n<p>AED Cleaning, une soci\u00e9t\u00e9 familiale de nettoyage, a vu le jour en 2011. Depuis, nous avons \u00e9volu\u00e9 pour devenir une entreprise professionnelle et innovante, \u00e9largissant constamment notre gamme de services pour r\u00e9pondre aux besoins divers de nos clients.<\/p>\n<p>[\/et_pb_text][\/et_pb_column][\/et_pb_row][\/et_pb_section][et_pb_section fb_built=&#8221;1&#8243; prev_background_color=&#8221;gcid-f8456fc2-efb4-4f13-8f2a-4473819f6ec5&#8243; admin_label=&#8221;Features&#8221; _builder_version=&#8221;4.23.1&#8243; background_enable_color=&#8221;off&#8221; custom_margin=&#8221;||&#8221; custom_padding=&#8221;||||false|&#8221; top_divider_style=&#8221;slant&#8221; top_divider_height=&#8221;20vw&#8221; bottom_divider_height=&#8221;20vw&#8221; global_colors_info=&#8221;{}&#8221;][et_pb_row column_structure=&#8221;1_2,1_2&#8243; _builder_version=&#8221;4.16&#8243; custom_margin=&#8221;||-4vw&#8221; locked=&#8221;off&#8221; global_colors_info=&#8221;{}&#8221;][et_pb_column type=&#8221;1_2&#8243; _builder_version=&#8221;4.16&#8243; global_colors_info=&#8221;{}&#8221;][et_pb_blurb title=&#8221;Nous n&#8217;\u00e9tions que 2&#8230;&#8221; image=&#8221;https:\/\/darkseagreen-ostrich-404604.hostingersite.com\/wp-content\/uploads\/2023\/11\/AED-Cleaning-012-240&#215;300.jpg&#8221; alt=&#8221;AED Cleaning &#8211; Meer dan enkel schoonmaak van kantoren&#8221; _builder_version=&#8221;4.23.1&#8243; header_level=&#8221;h3&#8243; header_font=&#8221;|900||on|||||&#8221; header_font_size=&#8221;20px&#8221; header_line_height=&#8221;1.4em&#8221; body_font=&#8221;||||||||&#8221; body_line_height=&#8221;1.4em&#8221; text_orientation=&#8221;center&#8221; border_radii_image=&#8221;on|1000px|1000px|1000px|1000px&#8221; global_colors_info=&#8221;{}&#8221;]<\/p>\n<p><span>D\u00e8s les d\u00e9buts de notre entreprise, que nous avons lanc\u00e9e ensemble en tant que couple, nous avons pris part activement au travail sur le terrain. Cela nous a permis de garantir une qualit\u00e9 de service optimale \u00e0 nos clients et de comprendre parfaitement leurs besoins.<\/span><\/p>\n<p>[\/et_pb_blurb][et_pb_blurb title=&#8221;100% digital&#8221; image=&#8221;https:\/\/darkseagreen-ostrich-404604.hostingersite.com\/wp-content\/uploads\/2023\/11\/ALLES-IN-1-OPLOSSING-1-300&#215;251.png&#8221; alt=&#8221;AED Cleaning &#8211; Meer dan enkel schoonmaak van kantoren&#8221; _builder_version=&#8221;4.23.1&#8243; header_level=&#8221;h3&#8243; header_font=&#8221;|900||on|||||&#8221; header_font_size=&#8221;20px&#8221; header_line_height=&#8221;1.4em&#8221; body_font=&#8221;||||||||&#8221; body_line_height=&#8221;1.4em&#8221; text_orientation=&#8221;center&#8221; hover_enabled=&#8221;0&#8243; border_radii_image=&#8221;on|1000px|1000px|1000px|1000px&#8221; global_colors_info=&#8221;{}&#8221; sticky_enabled=&#8221;0&#8243;]<\/p>\n<p><span>En 2018, nous avons r\u00e9organis\u00e9 la structure de notre entreprise dans le but d&#8217;affiner notre offre de services et de mieux r\u00e9pondre aux attentes de nos clients. Cette d\u00e9marche a \u00e9t\u00e9 centr\u00e9e sur la <a href=\"https:\/\/darkseagreen-ostrich-404604.hostingersite.com\/fr-fr\/plateforme-digitale\/\" title=\"digitalisation\">digitalisation<\/a> et l&#8217;optimisation de nos processus. Gr\u00e2ce \u00e0 ces changements, nous avons r\u00e9ussi \u00e0 \u00e9voluer vers une op\u00e9ration enti\u00e8rement num\u00e9rique, am\u00e9liorant ainsi significativement la qualit\u00e9 de nos services.<\/span><\/p>\n<p>[\/et_pb_blurb][\/et_pb_column][et_pb_column type=&#8221;1_2&#8243; _builder_version=&#8221;4.16&#8243; transform_scale_tablet=&#8221;&#8221; transform_scale_phone=&#8221;&#8221; transform_scale_last_edited=&#8221;on|desktop&#8221; transform_translate=&#8221;0px|94px&#8221; transform_translate_tablet=&#8221;0px|0px&#8221; transform_translate_phone=&#8221;&#8221; transform_translate_last_edited=&#8221;on|tablet&#8221; transform_translate_linked=&#8221;off&#8221; transform_rotate_tablet=&#8221;&#8221; transform_rotate_phone=&#8221;&#8221; transform_rotate_last_edited=&#8221;on|desktop&#8221; transform_skew_tablet=&#8221;&#8221; transform_skew_phone=&#8221;&#8221; transform_skew_last_edited=&#8221;on|desktop&#8221; transform_origin_tablet=&#8221;&#8221; transform_origin_phone=&#8221;&#8221; transform_origin_last_edited=&#8221;on|desktop&#8221; transform_styles_last_edited=&#8221;on|tablet&#8221; transform_styles_tablet=&#8221;&#8221; transform_styles_phone=&#8221;&#8221; global_colors_info=&#8221;{}&#8221;][et_pb_blurb title=&#8221;Entre-temps, plus qu&#8217;un simple nettoyage de bureau&#8221; image=&#8221;https:\/\/darkseagreen-ostrich-404604.hostingersite.com\/wp-content\/uploads\/2023\/11\/AED-Cleaning-Meer-dan-enkel-schoonmaak-van-kantoren-2-240&#215;300.jpg&#8221; alt=&#8221;AED-Cleaning-Meer dan enkel schoonmaak van kantoren&#8221; _builder_version=&#8221;4.23.1&#8243; header_level=&#8221;h3&#8243; header_font=&#8221;|900||on|||||&#8221; header_font_size=&#8221;20px&#8221; header_line_height=&#8221;1.4em&#8221; body_font=&#8221;||||||||&#8221; body_line_height=&#8221;1.4em&#8221; text_orientation=&#8221;center&#8221; border_radii_image=&#8221;on|1000px|1000px|1000px|1000px&#8221; locked=&#8221;off&#8221; global_colors_info=&#8221;{}&#8221;]<\/p>\n<p><span>Notre passion pour l&#8217;art du nettoyage nous a inspir\u00e9s \u00e0 d\u00e9velopper notre entreprise et \u00e0 enrichir notre gamme de services. Nous sommes fiers de vous proposer un \u00e9ventail diversifi\u00e9 de prestations, allant du nettoyage de bureau et du lavage de vitres, jusqu&#8217;au nettoyage apr\u00e8s travaux et le nettoyage industriel. Chaque service que nous offrons est le reflet de notre engagement envers l&#8217;excellence et la satisfaction de nos clients.&#8221;<\/span><\/p>\n<p>[\/et_pb_blurb][et_pb_blurb title=&#8221;AED en Europe&#8221; image=&#8221;https:\/\/darkseagreen-ostrich-404604.hostingersite.com\/wp-content\/uploads\/2023\/11\/AED-Cleaning-Schoonmaakbedrijf-locaties-1024&#215;381.png&#8221; alt=&#8221;AED Cleaning Schoonmaakbedrijf locaties&#8221; _builder_version=&#8221;4.23.1&#8243; header_level=&#8221;h3&#8243; header_font=&#8221;|900||on|||||&#8221; header_font_size=&#8221;20px&#8221; header_line_height=&#8221;1.4em&#8221; body_font=&#8221;||||||||&#8221; body_line_height=&#8221;1.4em&#8221; text_orientation=&#8221;center&#8221; border_radii_image=&#8221;on|1000px|1000px|1000px|1000px&#8221; locked=&#8221;off&#8221; global_colors_info=&#8221;{}&#8221;]<\/p>\n<p><span>Nous privil\u00e9gions une approche personnelle et un service de qualit\u00e9. Notre \u00e9quipe, compos\u00e9e de professionnels exp\u00e9riment\u00e9s et d\u00e9vou\u00e9s, est toujours pr\u00eate \u00e0 offrir \u00e0 nos clients un service exceptionnel. Gr\u00e2ce \u00e0 notre engagement et notre d\u00e9vouement, nous avons r\u00e9ussi \u00e0 \u00e9tendre nos activit\u00e9s aux Pays-Bas, en France et en Suisse. Nous sommes fiers de cette croissance et restons fermement engag\u00e9s \u00e0 maintenir les plus hauts standards de service pour nos clients.<\/span><\/p>\n<p>[\/et_pb_blurb][\/et_pb_column][\/et_pb_row][\/et_pb_section][et_pb_section fb_built=&#8221;1&#8243; prev_background_color=&#8221;#ffffff&#8221; admin_label=&#8221;About&#8221; _builder_version=&#8221;4.23.1&#8243; use_background_color_gradient=&#8221;on&#8221; background_color_gradient_type=&#8221;circular&#8221; background_color_gradient_stops=&#8221;gcid-ae932d9e-c1ed-4a70-8214-cf97c86b9b32 0%|gcid-c6eb502b-ee23-4137-9f15-f9ba1ffd8cd1 100%&#8221; background_color_gradient_start=&#8221;#004183&#8243; background_color_gradient_end=&#8221;#001f4c&#8221; background_image=&#8221;https:\/\/darkseagreen-ostrich-404604.hostingersite.com\/wp-content\/uploads\/2023\/11\/cyber-security-04.png&#8221; background_size=&#8221;contain&#8221; background_position=&#8221;bottom_center&#8221; custom_margin=&#8221;||0vw||false|false&#8221; custom_padding=&#8221;||16vw|||&#8221; top_divider_style=&#8221;slant&#8221; top_divider_height=&#8221;20vw&#8221; locked=&#8221;off&#8221; global_colors_info=&#8221;{%22gcid-ae932d9e-c1ed-4a70-8214-cf97c86b9b32%22:%91%22background_color_gradient_stops%22%93,%22gcid-c6eb502b-ee23-4137-9f15-f9ba1ffd8cd1%22:%91%22background_color_gradient_stops%22%93}&#8221;][et_pb_row column_structure=&#8221;1_2,1_2&#8243; _builder_version=&#8221;4.23.1&#8243; global_colors_info=&#8221;{}&#8221;][et_pb_column type=&#8221;1_2&#8243; _builder_version=&#8221;4.16&#8243; custom_padding=&#8221;9vw||&#8221; custom_padding_tablet=&#8221;0vw||&#8221; custom_padding_last_edited=&#8221;off|desktop&#8221; global_colors_info=&#8221;{}&#8221;][et_pb_text _builder_version=&#8221;4.23.1&#8243; text_font=&#8221;||||||||&#8221; header_2_font=&#8221;|700|||||||&#8221; header_2_font_size=&#8221;40px&#8221; header_2_line_height=&#8221;1.1em&#8221; header_3_font=&#8221;Overpass|600|||||||&#8221; header_3_text_color=&#8221;#00b4ff&#8221; header_3_font_size=&#8221;30px&#8221; header_3_line_height=&#8221;1.2em&#8221; background_layout=&#8221;dark&#8221; custom_padding=&#8221;|4vw||0px|false|false&#8221; header_2_font_size_tablet=&#8221;38px&#8221; header_2_font_size_phone=&#8221;26px&#8221; header_2_font_size_last_edited=&#8221;on|desktop&#8221; header_3_font_tablet=&#8221;&#8221; header_3_font_phone=&#8221;Overpass|700|||||||&#8221; header_3_font_last_edited=&#8221;on|phone&#8221; header_3_font_size_tablet=&#8221;24px&#8221; header_3_font_size_phone=&#8221;18px&#8221; header_3_font_size_last_edited=&#8221;on|desktop&#8221; locked=&#8221;off&#8221; global_colors_info=&#8221;{}&#8221;]<\/p>\n<h2>L&#8217;\u00e9quipe AED<\/h2>\n<p>Nous sommes ravis de vous pr\u00e9senter (une partie de) notre \u00e9quipe d\u00e9vou\u00e9e. Au-del\u00e0 des personnes pr\u00e9sent\u00e9es ici, nous comptons de nombreux autres collaborateurs pr\u00eats \u00e0 r\u00e9pondre \u00e0 vos besoins.<\/p>\n<p>Notre \u00e9quipe se compose de groupes sp\u00e9cialis\u00e9s dans le nettoyage de bureau, des agents polyvalents pour les petits travaux, des \u00e9quipes d\u00e9di\u00e9es \u00e0 l&#8217;entretien des espaces verts, ainsi que nos organisatrices efficaces au sein du service de planification&#8230;<\/p>\n<p>[\/et_pb_text][\/et_pb_column][et_pb_column type=&#8221;1_2&#8243; _builder_version=&#8221;4.23.1&#8243; custom_padding=&#8221;19vw||||false|false&#8221; custom_padding_tablet=&#8221;0vw||&#8221; custom_padding_phone=&#8221;&#8221; custom_padding_last_edited=&#8221;on|desktop&#8221; global_colors_info=&#8221;{}&#8221;][et_pb_image src=&#8221;https:\/\/darkseagreen-ostrich-404604.hostingersite.com\/wp-content\/uploads\/2023\/11\/AED-Cleaning-141-scaled.jpg&#8221; alt=&#8221;AED Cleaning Team&#8221; title_text=&#8221;AED-Cleaning-141&#8243; _builder_version=&#8221;4.23.1&#8243; max_width_tablet=&#8221;400px&#8221; max_width_phone=&#8221;&#8221; max_width_last_edited=&#8221;on|desktop&#8221; custom_margin=&#8221;-5vw|-10vw||-10vw||true&#8221; custom_margin_tablet=&#8221;0vw|0vw||0vw||true&#8221; custom_margin_phone=&#8221;&#8221; custom_margin_last_edited=&#8221;on|desktop&#8221; animation_style=&#8221;zoom&#8221; animation_intensity_zoom=&#8221;5%&#8221; border_radii=&#8221;on|1000px|1000px|1000px|1000px&#8221; locked=&#8221;off&#8221; global_colors_info=&#8221;{}&#8221;][\/et_pb_image][\/et_pb_column][\/et_pb_row][et_pb_row column_structure=&#8221;1_4,1_4,1_4,1_4&#8243; _builder_version=&#8221;4.23.1&#8243; _module_preset=&#8221;default&#8221; global_colors_info=&#8221;{}&#8221;][et_pb_column type=&#8221;1_4&#8243; _builder_version=&#8221;4.23.1&#8243; _module_preset=&#8221;default&#8221; global_colors_info=&#8221;{}&#8221;][et_pb_team_member name=&#8221;Adil G\u00f6ktepe&#8221; position=&#8221;Account Manager&#8221; image_url=&#8221;https:\/\/darkseagreen-ostrich-404604.hostingersite.com\/wp-content\/uploads\/2023\/11\/AED-Cleaning-002-scaled.jpg&#8221; _builder_version=&#8221;4.23.1&#8243; _module_preset=&#8221;default&#8221; header_font=&#8221;|700|||||||&#8221; header_text_align=&#8221;center&#8221; header_text_color=&#8221;gcid-c6eb502b-ee23-4137-9f15-f9ba1ffd8cd1&#8243; position_text_align=&#8221;center&#8221; position_font_size=&#8221;16px&#8221; border_radii_image=&#8221;on|1000px|1000px|1000px|1000px&#8221; global_colors_info=&#8221;{%22gcid-c6eb502b-ee23-4137-9f15-f9ba1ffd8cd1%22:%91%22header_text_color%22%93}&#8221;][\/et_pb_team_member][\/et_pb_column][et_pb_column type=&#8221;1_4&#8243; _builder_version=&#8221;4.23.1&#8243; _module_preset=&#8221;default&#8221; global_colors_info=&#8221;{}&#8221;][et_pb_team_member name=&#8221;Runeysa Mine&#8221; position=&#8221;Manager&#8221; image_url=&#8221;https:\/\/darkseagreen-ostrich-404604.hostingersite.com\/wp-content\/uploads\/2023\/11\/AED-Cleaning-010-scaled.jpg&#8221; _builder_version=&#8221;4.23.1&#8243; _module_preset=&#8221;default&#8221; header_font=&#8221;|700|||||||&#8221; header_text_align=&#8221;center&#8221; header_text_color=&#8221;gcid-c6eb502b-ee23-4137-9f15-f9ba1ffd8cd1&#8243; position_text_align=&#8221;center&#8221; position_font_size=&#8221;16px&#8221; border_radii_image=&#8221;on|1000px|1000px|1000px|1000px&#8221; global_colors_info=&#8221;{%22gcid-c6eb502b-ee23-4137-9f15-f9ba1ffd8cd1%22:%91%22header_text_color%22%93}&#8221;][\/et_pb_team_member][\/et_pb_column][et_pb_column type=&#8221;1_4&#8243; _builder_version=&#8221;4.23.1&#8243; _module_preset=&#8221;default&#8221; global_colors_info=&#8221;{}&#8221;][et_pb_team_member name=&#8221;Gamze Celikoz&#8221; position=&#8221;Responsable r\u00e9gional&#8221; image_url=&#8221;https:\/\/darkseagreen-ostrich-404604.hostingersite.com\/wp-content\/uploads\/2023\/11\/AED-Cleaning-001-scaled.jpg&#8221; _builder_version=&#8221;4.23.1&#8243; _module_preset=&#8221;default&#8221; header_font=&#8221;|700|||||||&#8221; header_text_align=&#8221;center&#8221; header_text_color=&#8221;gcid-c6eb502b-ee23-4137-9f15-f9ba1ffd8cd1&#8243; position_text_align=&#8221;center&#8221; position_font_size=&#8221;16px&#8221; border_radii_image=&#8221;on|1000px|1000px|1000px|1000px&#8221; global_colors_info=&#8221;{%22gcid-c6eb502b-ee23-4137-9f15-f9ba1ffd8cd1%22:%91%22header_text_color%22%93}&#8221;][\/et_pb_team_member][\/et_pb_column][et_pb_column type=&#8221;1_4&#8243; _builder_version=&#8221;4.23.1&#8243; _module_preset=&#8221;default&#8221; global_colors_info=&#8221;{}&#8221;][et_pb_team_member name=&#8221;Ronny Aerts&#8221; position=&#8221;Repr\u00e9sentant&#8221; image_url=&#8221;https:\/\/darkseagreen-ostrich-404604.hostingersite.com\/wp-content\/uploads\/2023\/11\/AED-Cleaning-007-scaled.jpg&#8221; _builder_version=&#8221;4.23.1&#8243; _module_preset=&#8221;default&#8221; header_font=&#8221;|700|||||||&#8221; header_text_align=&#8221;center&#8221; header_text_color=&#8221;gcid-c6eb502b-ee23-4137-9f15-f9ba1ffd8cd1&#8243; position_text_align=&#8221;center&#8221; position_font_size=&#8221;16px&#8221; border_radii_image=&#8221;on|1000px|1000px|1000px|1000px&#8221; global_colors_info=&#8221;{%22gcid-c6eb502b-ee23-4137-9f15-f9ba1ffd8cd1%22:%91%22header_text_color%22%93}&#8221;][\/et_pb_team_member][\/et_pb_column][\/et_pb_row][\/et_pb_section]<\/p>\n","protected":false},"excerpt":{"rendered":"<p>Bien plus qu&#8217;un simple nettoyage de bureau \u00c0 proposLe nettoyage de bureau a \u00e9t\u00e9 le point de d\u00e9part de notre aventure. Aujourd&#8217;hui, cette activit\u00e9 constitue toujours une part significative de nos services, mais notre offre ne s&#8217;arr\u00eate pas l\u00e0 ! AED Cleaning, une soci\u00e9t\u00e9 familiale de nettoyage, a vu le jour en 2011. Depuis, nous [&hellip;]<\/p>\n","protected":false},"author":1,"featured_media":0,"parent":0,"menu_order":0,"comment_status":"closed","ping_status":"closed","template":"","meta":{"_acf_changed":false,"_et_pb_use_builder":"on","_et_pb_old_content":"","_et_gb_content_width":"","footnotes":""},"class_list":["post-710","page","type-page","status-publish","hentry"],"acf":[],"yoast_head":"<!-- This site is optimized with the Yoast SEO plugin v25.7 - https:\/\/yoast.com\/wordpress\/plugins\/seo\/ -->\n<title>Nettoyage de bureau et beaucoup plus - AED Cleaning<\/title>\n<meta name=\"description\" content=\"Le nettoyage de bureau a \u00e9t\u00e9 le point de d\u00e9part. Aujourd&#039;hui, cette activit\u00e9 constitue toujours une part significative de nos services !\" \/>\n<meta name=\"robots\" content=\"index, follow, max-snippet:-1, max-image-preview:large, max-video-preview:-1\" \/>\n<link rel=\"canonical\" href=\"https:\/\/aedcleaning.com\/?page_id=710&lang=fr-fr\" \/>\n<meta property=\"og:locale\" content=\"nl_NL\" \/>\n<meta property=\"og:type\" content=\"article\" \/>\n<meta property=\"og:title\" content=\"Nettoyage de bureau et beaucoup plus - AED Cleaning\" \/>\n<meta property=\"og:description\" content=\"Le nettoyage de bureau a \u00e9t\u00e9 le point de d\u00e9part. Aujourd&#039;hui, cette activit\u00e9 constitue toujours une part significative de nos services !\" \/>\n<meta property=\"og:url\" content=\"https:\/\/aedcleaning.com\/?page_id=710&amp;lang=fr-fr\" \/>\n<meta property=\"og:site_name\" content=\"AED Cleaning | Schoonmaakbedrijf\" \/>\n<meta property=\"article:modified_time\" content=\"2024-02-09T10:57:31+00:00\" \/>\n<meta name=\"twitter:card\" content=\"summary_large_image\" \/>\n<meta name=\"twitter:label1\" content=\"Verwachte leestijd\" \/>\n\t<meta name=\"twitter:data1\" content=\"4 minuten\" \/>\n<script type=\"application\/ld+json\" class=\"yoast-schema-graph\">{\"@context\":\"https:\/\/schema.org\",\"@graph\":[{\"@type\":\"WebPage\",\"@id\":\"https:\/\/aedcleaning.com\/?page_id=710&lang=fr-fr\",\"url\":\"https:\/\/aedcleaning.com\/?page_id=710&lang=fr-fr\",\"name\":\"Nettoyage de bureau et beaucoup plus - AED Cleaning\",\"isPartOf\":{\"@id\":\"https:\/\/aedcleaning.com\/#website\"},\"datePublished\":\"2023-12-13T09:56:19+00:00\",\"dateModified\":\"2024-02-09T10:57:31+00:00\",\"description\":\"Le nettoyage de bureau a \u00e9t\u00e9 le point de d\u00e9part. Aujourd'hui, cette activit\u00e9 constitue toujours une part significative de nos services !\",\"breadcrumb\":{\"@id\":\"https:\/\/aedcleaning.com\/?page_id=710&lang=fr-fr#breadcrumb\"},\"inLanguage\":\"nl-NL\",\"potentialAction\":[{\"@type\":\"ReadAction\",\"target\":[\"https:\/\/aedcleaning.com\/?page_id=710&lang=fr-fr\"]}]},{\"@type\":\"BreadcrumbList\",\"@id\":\"https:\/\/aedcleaning.com\/?page_id=710&lang=fr-fr#breadcrumb\",\"itemListElement\":[{\"@type\":\"ListItem\",\"position\":1,\"name\":\"Home\",\"item\":\"https:\/\/aedcleaning.com\/\"},{\"@type\":\"ListItem\",\"position\":2,\"name\":\"\u00c1 propos\"}]},{\"@type\":\"WebSite\",\"@id\":\"https:\/\/aedcleaning.com\/#website\",\"url\":\"https:\/\/aedcleaning.com\/\",\"name\":\"AED Cleaning | Schoonmaakbedrijf\",\"description\":\"You Name It, We Clean It\",\"potentialAction\":[{\"@type\":\"SearchAction\",\"target\":{\"@type\":\"EntryPoint\",\"urlTemplate\":\"https:\/\/aedcleaning.com\/?s={search_term_string}\"},\"query-input\":{\"@type\":\"PropertyValueSpecification\",\"valueRequired\":true,\"valueName\":\"search_term_string\"}}],\"inLanguage\":\"nl-NL\"}]}<\/script>\n<!-- \/ Yoast SEO plugin. -->","yoast_head_json":{"title":"Nettoyage de bureau et beaucoup plus - AED Cleaning","description":"Le nettoyage de bureau a \u00e9t\u00e9 le point de d\u00e9part. Aujourd'hui, cette activit\u00e9 constitue toujours une part significative de nos services !","robots":{"index":"index","follow":"follow","max-snippet":"max-snippet:-1","max-image-preview":"max-image-preview:large","max-video-preview":"max-video-preview:-1"},"canonical":"https:\/\/aedcleaning.com\/?page_id=710&lang=fr-fr","og_locale":"nl_NL","og_type":"article","og_title":"Nettoyage de bureau et beaucoup plus - AED Cleaning","og_description":"Le nettoyage de bureau a \u00e9t\u00e9 le point de d\u00e9part. Aujourd'hui, cette activit\u00e9 constitue toujours une part significative de nos services !","og_url":"https:\/\/aedcleaning.com\/?page_id=710&lang=fr-fr","og_site_name":"AED Cleaning | Schoonmaakbedrijf","article_modified_time":"2024-02-09T10:57:31+00:00","twitter_card":"summary_large_image","twitter_misc":{"Verwachte leestijd":"4 minuten"},"schema":{"@context":"https:\/\/schema.org","@graph":[{"@type":"WebPage","@id":"https:\/\/aedcleaning.com\/?page_id=710&lang=fr-fr","url":"https:\/\/aedcleaning.com\/?page_id=710&lang=fr-fr","name":"Nettoyage de bureau et beaucoup plus - AED Cleaning","isPartOf":{"@id":"https:\/\/aedcleaning.com\/#website"},"datePublished":"2023-12-13T09:56:19+00:00","dateModified":"2024-02-09T10:57:31+00:00","description":"Le nettoyage de bureau a \u00e9t\u00e9 le point de d\u00e9part. Aujourd'hui, cette activit\u00e9 constitue toujours une part significative de nos services !","breadcrumb":{"@id":"https:\/\/aedcleaning.com\/?page_id=710&lang=fr-fr#breadcrumb"},"inLanguage":"nl-NL","potentialAction":[{"@type":"ReadAction","target":["https:\/\/aedcleaning.com\/?page_id=710&lang=fr-fr"]}]},{"@type":"BreadcrumbList","@id":"https:\/\/aedcleaning.com\/?page_id=710&lang=fr-fr#breadcrumb","itemListElement":[{"@type":"ListItem","position":1,"name":"Home","item":"https:\/\/aedcleaning.com\/"},{"@type":"ListItem","position":2,"name":"\u00c1 propos"}]},{"@type":"WebSite","@id":"https:\/\/aedcleaning.com\/#website","url":"https:\/\/aedcleaning.com\/","name":"AED Cleaning | Schoonmaakbedrijf","description":"You Name It, We Clean It","potentialAction":[{"@type":"SearchAction","target":{"@type":"EntryPoint","urlTemplate":"https:\/\/aedcleaning.com\/?s={search_term_string}"},"query-input":{"@type":"PropertyValueSpecification","valueRequired":true,"valueName":"search_term_string"}}],"inLanguage":"nl-NL"}]}},"_links":{"self":[{"href":"https:\/\/aedcleaning.com\/index.php?rest_route=\/wp\/v2\/pages\/710","targetHints":{"allow":["GET"]}}],"collection":[{"href":"https:\/\/aedcleaning.com\/index.php?rest_route=\/wp\/v2\/pages"}],"about":[{"href":"https:\/\/aedcleaning.com\/index.php?rest_route=\/wp\/v2\/types\/page"}],"author":[{"embeddable":true,"href":"https:\/\/aedcleaning.com\/index.php?rest_route=\/wp\/v2\/users\/1"}],"replies":[{"embeddable":true,"href":"https:\/\/aedcleaning.com\/index.php?rest_route=%2Fwp%2Fv2%2Fcomments&post=710"}],"version-history":[{"count":4,"href":"https:\/\/aedcleaning.com\/index.php?rest_route=\/wp\/v2\/pages\/710\/revisions"}],"predecessor-version":[{"id":936,"href":"https:\/\/aedcleaning.com\/index.php?rest_route=\/wp\/v2\/pages\/710\/revisions\/936"}],"wp:attachment":[{"href":"https:\/\/aedcleaning.com\/index.php?rest_route=%2Fwp%2Fv2%2Fmedia&parent=710"}],"curies":[{"name":"wp","href":"https:\/\/api.w.org\/{rel}","templated":true}]}}